{"id":107,"date":"2026-04-14T19:56:26","date_gmt":"2026-04-14T19:56:26","guid":{"rendered":"https:\/\/bondarmark.hu\/?page_id=107"},"modified":"2026-04-14T19:59:13","modified_gmt":"2026-04-14T19:59:13","slug":"impresszum","status":"publish","type":"page","link":"https:\/\/bondarmark.hu\/index.php\/impresszum\/","title":{"rendered":"Impresszum"},"content":{"rendered":"<p>[et_pb_section fb_built=&#8221;1&#8243; admin_label=&#8221;Call to Action&#8221; _builder_version=&#8221;4.16&#8243; custom_padding=&#8221;0|0px|0|0px|true|false&#8221; locked=&#8221;off&#8221; global_colors_info=&#8221;{}&#8221;][et_pb_row _builder_version=&#8221;4.16&#8243; max_width=&#8221;700px&#8221; use_custom_width=&#8221;on&#8221; custom_width_px=&#8221;700px&#8221; global_colors_info=&#8221;{}&#8221;][et_pb_column type=&#8221;4_4&#8243; _builder_version=&#8221;4.16&#8243; custom_padding=&#8221;|||&#8221; global_colors_info=&#8221;{}&#8221; custom_padding__hover=&#8221;|||&#8221;][et_pb_text _builder_version=&#8221;4.27.6&#8243; text_font=&#8221;||||||||&#8221; header_font=&#8221;||||||||&#8221; header_2_font=&#8221;Mukta|300|||||||&#8221; header_2_font_size=&#8221;54px&#8221; header_2_line_height=&#8221;1.3em&#8221; text_orientation=&#8221;center&#8221; custom_margin=&#8221;||10px&#8221; animation_style=&#8221;slide&#8221; animation_direction=&#8221;top&#8221; animation_intensity_slide=&#8221;5%&#8221; header_2_font_size_tablet=&#8221;36px&#8221; header_2_font_size_phone=&#8221;24px&#8221; header_2_font_size_last_edited=&#8221;on|phone&#8221; locked=&#8221;off&#8221; global_colors_info=&#8221;{}&#8221;]<\/p>\n<h2><strong>Impresszum<\/strong><\/h2>\n<p>[\/et_pb_text][et_pb_divider color=&#8221;#2a2a2a&#8221; divider_weight=&#8221;3px&#8221; _builder_version=&#8221;4.16&#8243; max_width=&#8221;50px&#8221; module_alignment=&#8221;center&#8221; animation_style=&#8221;slide&#8221; animation_direction=&#8221;top&#8221; animation_intensity_slide=&#8221;20%&#8221; locked=&#8221;off&#8221; global_colors_info=&#8221;{}&#8221;][\/et_pb_divider][et_pb_text _builder_version=&#8221;4.27.6&#8243; text_font=&#8221;||||||||&#8221; text_line_height=&#8221;2em&#8221; text_orientation=&#8221;center&#8221; animation_style=&#8221;slide&#8221; animation_direction=&#8221;top&#8221; animation_intensity_slide=&#8221;5%&#8221; hover_enabled=&#8221;0&#8243; locked=&#8221;off&#8221; global_colors_info=&#8221;{}&#8221; sticky_enabled=&#8221;0&#8243;]<\/p>\n<p data-start=\"3013\" data-end=\"3349\"><span data-sheets-root=\"1\">V\u00e1llalkoz\u00e1s neve: Bondar M\u00e1rk e.v.<br \/>Nyilv\u00e1ntart\u00e1si sz\u00e1m: 60445854<br \/>Ad\u00f3sz\u00e1m: 91067065-1-33<br \/>Sz\u00e9khelye: 2051 Biatorb\u00e1gy, Sz\u00e9chenyi utca 19.<br \/>E-mail: <a href=\"mailto:mrk.bondar@gmail.com\">mrk.bondar@gmail.com<\/a><br \/>Tel.: <a href=\"tel:+36%2030 905 2515\">+36 30 905 2515<\/a><\/span><\/p>\n<p data-start=\"3351\" data-end=\"3377\">[\/et_pb_text][\/et_pb_column][\/et_pb_row][\/et_pb_section]<\/p>\n","protected":false},"excerpt":{"rendered":"<p>ImpresszumV\u00e1llalkoz\u00e1s neve: Bondar M\u00e1rk e.v.Nyilv\u00e1ntart\u00e1si sz\u00e1m: 60445854Ad\u00f3sz\u00e1m: 91067065-1-33Sz\u00e9khelye: 2051 Biatorb\u00e1gy, Sz\u00e9chenyi utca 19.E-mail: mrk.bondar@gmail.comTel.: +36 30 905 2515<\/p>\n","protected":false},"author":1,"featured_media":0,"parent":0,"menu_order":0,"comment_status":"closed","ping_status":"closed","template":"","meta":{"_et_pb_use_builder":"on","_et_pb_old_content":"<!-- wp:divi\/placeholder \/-->","_et_gb_content_width":"","footnotes":""},"class_list":["post-107","page","type-page","status-publish","hentry"],"_links":{"self":[{"href":"https:\/\/bondarmark.hu\/index.php\/wp-json\/wp\/v2\/pages\/107","targetHints":{"allow":["GET"]}}],"collection":[{"href":"https:\/\/bondarmark.hu\/index.php\/wp-json\/wp\/v2\/pages"}],"about":[{"href":"https:\/\/bondarmark.hu\/index.php\/wp-json\/wp\/v2\/types\/page"}],"author":[{"embeddable":true,"href":"https:\/\/bondarmark.hu\/index.php\/wp-json\/wp\/v2\/users\/1"}],"replies":[{"embeddable":true,"href":"https:\/\/bondarmark.hu\/index.php\/wp-json\/wp\/v2\/comments?post=107"}],"version-history":[{"count":3,"href":"https:\/\/bondarmark.hu\/index.php\/wp-json\/wp\/v2\/pages\/107\/revisions"}],"predecessor-version":[{"id":116,"href":"https:\/\/bondarmark.hu\/index.php\/wp-json\/wp\/v2\/pages\/107\/revisions\/116"}],"wp:attachment":[{"href":"https:\/\/bondarmark.hu\/index.php\/wp-json\/wp\/v2\/media?parent=107"}],"curies":[{"name":"wp","href":"https:\/\/api.w.org\/{rel}","templated":true}]}}